{"id":440,"date":"2023-01-31T13:07:54","date_gmt":"2023-01-31T12:07:54","guid":{"rendered":"https:\/\/planica.kompas.si\/?page_id=440"},"modified":"2023-02-15T10:00:36","modified_gmt":"2023-02-15T09:00:36","slug":"fis-nordic-world-ski-championships-planica-2023","status":"publish","type":"page","link":"https:\/\/planica.kompas.si\/sl\/fis-nordic-world-ski-championships-planica-2023\/","title":{"rendered":"FIS svetovno prvenstvo v nordijskem smu\u010danju Planica 2023"},"content":{"rendered":"<section  class='av_textblock_section av-ld4f00vp-77b4ffe8dcbdcaf2a5b9ee58252c477b'  itemscope=\"itemscope\" itemtype=\"https:\/\/schema.org\/CreativeWork\" ><div class='avia_textblock'  itemprop=\"text\" ><h3><strong>FIS svetovno prvenstvo v nordijskem smu\u010danju Planica 2023<\/strong><\/h3>\n<p>Planica bo med\u00a0<strong>21. februarjem in 5. marcem 2023 gostila najve\u010dji \u0161portni dogodek v zgodovini Slovenije<\/strong>, 43. FIS svetovno prvenstvo v nordijskem smu\u010danju.<\/p>\n<p>Na najlep\u0161em prizori\u0161\u010du v zgodovini FIS svetovnih prvenstev v nordijskem smu\u010danju se bodo za odli\u010dja v smu\u010darskih skokih, teku na smu\u010deh in nordijski kombinaciji merili tekmovalci in tekmovalke iz vsega sveta pred ve\u010d kot 500 milijonov TV gledalcev po vsem svetu \u2013 in seveda vami!<\/p>\n<p>V smu\u010darskih skokih bo podeljenih 7 kompletov medalj, 3 v mo\u0161ki in 3 v \u017eenski konkurenci, odli\u010dja pa bodo podelili \u0161e na me\u0161ani ekipni tekmi. V teku na smu\u010deh bomo spremljali 12 kon\u010dnih odlo\u010ditev, 6 v mo\u0161ki in 6 v \u017eenski konkurenci, zgodovinski mejnik pa bosta predstavljali najdalj\u0161i preizku\u0161nji na 50 in 30 kilometrov z za\u010detkom v italijanskem Trbi\u017eu in zaklju\u010dkom v Planici.<\/p>\n<p>Novost prina\u0161a nordijska kombinacija, saj bomo prvi\u010d spremljali me\u0161ano ekipno tekmo, skupno pa bodo v tej disciplini podelili \u0161e \u0161tiri komplete medalj, 3 v mo\u0161ki in 1 v \u017eenski konkurenci.<\/p>\n<p>Bodite del najlep\u0161ega in najbolj\u0161ega spektakla v zgodovini svetovnih prvenstev v nordijskem smu\u010danju v dolini pod Poncami tudi vi!<\/p>\n<\/div><\/section>\n\n<style type=\"text\/css\" data-created_by=\"avia_inline_auto\" id=\"style-css-av-fjrko-1b4fe43a7ca375d1bd04dc95111aa879\">\n@-webkit-keyframes av_sonarEffect_av-fjrko-1b4fe43a7ca375d1bd04dc95111aa879 {\n  0% {opacity: 0.3;}\n 40% {opacity: 0.5; box-shadow: 0 0 0 2px rgba(255,255,255,0.1), 0 0 10px 10px #ffffff, 0 0 0 10px rgba(255,255,255,0.5);}\n100% {opacity: 0; box-shadow: 0 0 0 2px rgba(255,255,255,0.1), 0 0 10px 10px #ffffff, 0 0 0 10px rgba(255,255,255,0.5); -webkit-transform: scale(1.5); transform: scale(1.5);}\n}\n@keyframes av_sonarEffect_av-fjrko-1b4fe43a7ca375d1bd04dc95111aa879 {\n  0% {opacity: 0.3;}\n 40% {opacity: 0.5; box-shadow: 0 0 0 2px rgba(255,255,255,0.1), 0 0 10px 10px #ffffff, 0 0 0 10px rgba(255,255,255,0.5);}\n100% {opacity: 0; box-shadow: 0 0 0 2px rgba(255,255,255,0.1), 0 0 10px 10px #ffffff, 0 0 0 10px rgba(255,255,255,0.5); -webkit-transform: scale(1.5); transform: scale(1.5);}\n}\n.av_promobox.av-fjrko-1b4fe43a7ca375d1bd04dc95111aa879:hover:after{\n-webkit-animation:av_sonarEffect_av-fjrko-1b4fe43a7ca375d1bd04dc95111aa879 1s ease-in-out .1s infinite;\n-moz-animation:av_sonarEffect_av-fjrko-1b4fe43a7ca375d1bd04dc95111aa879 1s ease-in-out .1s infinite;\n-o-animation:av_sonarEffect_av-fjrko-1b4fe43a7ca375d1bd04dc95111aa879 1s ease-in-out .1s infinite;\nanimation:av_sonarEffect_av-fjrko-1b4fe43a7ca375d1bd04dc95111aa879 1s ease-in-out .1s infinite;\n}\n<\/style>\n<div  class='av_promobox av-fjrko-1b4fe43a7ca375d1bd04dc95111aa879 avia-button-yes  avia-builder-el-1  el_after_av_textblock  el_before_av_section  avia-builder-el-last  avia-sonar-shadow'><div class='avia-promocontent'><p>Letak<\/p>\n<\/div><div  class='avia-button-wrap av-fjrko-e16776272028f6a8b159f0512da70f78-wrap avia-button-right'><a href='https:\/\/planica.kompas.si\/wp-content\/uploads\/2023\/01\/Planica23_nordic_KOMPAS_slo_cenik-1.pdf' class='avia-button av-fjrko-e16776272028f6a8b159f0512da70f78 avia-icon_select-yes-left-icon avia-size-large avia-position-right avia-color-theme-color' target=\"_blank\" rel=\"noopener noreferrer\"><span class='avia_button_icon avia_button_icon_left' aria-hidden='true' data-av_icon='\ue84c' data-av_iconfont='entypo-fontello'><\/span><span class='avia_iconbox_title' >Prenos<\/span><\/a><\/div><\/div>\n<\/div><\/div><\/div><!-- close content main div --><\/div><\/div>\n<style type=\"text\/css\" data-created_by=\"avia_inline_auto\" id=\"style-css-av-44i14o-188d4c6584b1b6df164eff2e54487077\">\n.avia-section.av-44i14o-188d4c6584b1b6df164eff2e54487077 .av-parallax .av-parallax-inner{\nbackground-color:#2193d1;\nbackground-image:url(https:\/\/planica.kompas.si\/wp-content\/uploads\/2022\/10\/DJI_0824_b-1.jpg);\nbackground-repeat:no-repeat;\nbackground-position:50% 0%;\nbackground-attachment:scroll;\n}\n.avia-section.av-44i14o-188d4c6584b1b6df164eff2e54487077 .av-section-color-overlay{\nopacity:0.7;\nbackground-color:#ffffff;\n}\n<\/style>\n<div id='av_section_1'  class='avia-section av-44i14o-188d4c6584b1b6df164eff2e54487077 main_color avia-section-default avia-no-border-styling  avia-builder-el-2  el_after_av_promobox  el_before_av_one_full  avia-full-stretch av-parallax-section avia-bg-style-parallax av-section-color-overlay-active container_wrap sidebar_right'  data-section-bg-repeat='stretch'><div class='av-parallax' data-avia-parallax-ratio='0.3' ><div class='av-parallax-inner main_color avia-full-stretch'><\/div><\/div><div class=\"av-section-color-overlay-wrap\"><div class=\"av-section-color-overlay\"><\/div><div class='container av-section-cont-open' ><div class='template-page content  av-content-small alpha units'><div class='post-entry post-entry-type-page post-entry-440'><div class='entry-content-wrapper clearfix'>\n\n<style type=\"text\/css\" data-created_by=\"avia_inline_auto\" id=\"style-css-av-3x1t9k-7f7d62b3599305f8193aa4ca80737b4e\">\n#top .av-special-heading.av-3x1t9k-7f7d62b3599305f8193aa4ca80737b4e{\npadding-bottom:10px;\n}\nbody .av-special-heading.av-3x1t9k-7f7d62b3599305f8193aa4ca80737b4e .av-special-heading-tag .heading-char{\nfont-size:25px;\npadding-bottom:10px;\n}\n.av-special-heading.av-3x1t9k-7f7d62b3599305f8193aa4ca80737b4e .av-subheading{\nfont-size:15px;\n}\n<\/style>\n<div  id=\"schedule\"  class='av-special-heading av-3x1t9k-7f7d62b3599305f8193aa4ca80737b4e av-special-heading-h3 blockquote elegant-quote elegant-centered  avia-builder-el-3  el_before_av_one_full  avia-builder-el-first  av-linked-heading av-icon'><h3 class='av-special-heading-tag'  itemprop=\"headline\"  ><a class=\"av-heading-link\" href=\"\/sl\/schedule\/\"><span class='heading-char avia-font-entypo-fontello' aria-hidden='true' data-av_icon='\ue84e' data-av_iconfont='entypo-fontello'><\/span><span class=\"heading-wrap\">Razpored<\/span><\/a><\/h3><div class=\"special-heading-border\"><div class=\"special-heading-inner-border\"><\/div><\/div><\/div>\n<div class='flex_column av-3rswc8-db9f51a1d6afed2ba1b94786661d8dfc av_one_full  avia-builder-el-4  el_after_av_heading  avia-builder-el-last  first flex_column_div'     ><section  class='av_textblock_section av-ldk7zkfl-3875a4b93a838d839a25d1c032f3c1e8'  itemscope=\"itemscope\" itemtype=\"https:\/\/schema.org\/CreativeWork\" ><div class='avia_textblock'  itemprop=\"text\" ><table>\n<tbody>\n<tr>\n<td width=\"182\"><strong>Torek, <\/strong><\/p>\n<p><strong>21. FEBRUAR<\/strong><\/td>\n<td width=\"177\">20.23<\/td>\n<td colspan=\"2\" width=\"412\"><strong>Otvoritvena slovesnost<\/strong><\/p>\n<p>Planica Nordijski park Kranjska Gora<\/td>\n<\/tr>\n<tr>\n<td width=\"182\"><strong style=\"font-family: inherit;\">Sreda,<\/strong><\/p>\n<p><strong>22. FEBRUAR<\/strong><\/td>\n<td width=\"177\">12.00 Tek na smu\u010deh<\/p>\n<p>13.30 Tek na smu\u010deh<\/p>\n<p><span style=\"font-family: inherit;\">16.30 Smu\u010darski skoki<\/span><\/td>\n<td width=\"212\">Kvalifikacije, prosto<\/p>\n<p>Kvalifikacije, prosto<\/p>\n<p><span style=\"font-family: inherit;\">Kvalifikacije posami\u010dno<\/span><\/td>\n<td width=\"200\">\u017denske 5 km<\/p>\n<p>Mo\u0161ki 10 km<\/p>\n<p><span style=\"font-family: inherit;\">\u017denske HS 100<\/span><\/td>\n<\/tr>\n<tr>\n<td width=\"182\"><strong style=\"font-family: inherit;\">\u010cetrtek,<\/strong><\/p>\n<p><strong>23. FEBRUAR<\/strong><\/td>\n<td width=\"177\">12.00 Tek na smu\u010deh<\/p>\n<p>14.30 Tek na smu\u010deh<\/p>\n<p><span style=\"font-family: inherit;\">17.00 Smu\u010darski skoki<\/span><\/td>\n<td width=\"212\">Sprint kvalifikacije, klasika<\/p>\n<p>Sprint finale, klasika<\/p>\n<p><span style=\"font-family: inherit;\">Posami\u010dna tekma<\/span><\/td>\n<td width=\"200\">\u017denske I Mo\u0161ki<\/p>\n<p>\u017denske I Mo\u0161ki<\/p>\n<p><span style=\"font-family: inherit;\">\u017denske HS 100<\/span><\/td>\n<\/tr>\n<tr>\n<td width=\"182\"><strong>Petek, <\/strong><\/p>\n<p><strong>24. FEBRUAR<\/strong><\/td>\n<td width=\"389\">11.30 Nord. kombinacija<\/p>\n<p>14.15 Nord. kombinacija<\/p>\n<p>15.30 Tek na smu\u010deh<\/p>\n<p>17.45 Smu\u010darski skoki<\/p>\n<p><strong>20.23 Podelitev odli\u010dij<\/strong><\/p>\n<p>Planica Nordijski park Kranjska Gora<\/td>\n<td width=\"200\">Gundersen posami\u010dno<\/p>\n<p>Gundersen posami\u010dno<\/p>\n<p>Skiatlon<\/p>\n<p>Kvalifikacije posami\u010dno<\/td>\n<td>\u017denske HS 100<\/p>\n<p>\u017denske 5 km<\/p>\n<p>Mo\u0161ki 15 I 15 km<\/p>\n<p>Mo\u0161ki HS 100<\/td>\n<\/tr>\n<tr>\n<td width=\"182\"><strong>Sobota,<\/strong><\/p>\n<p><strong>25. FEBRUAR<\/strong><\/td>\n<td>10.00 Nord. kombinacija<\/p>\n<p>15.30 Nord. kombinacija<\/p>\n<p>14.00 Tek na smu\u010deh<\/p>\n<p>12.15 Smu\u010darski skoki<\/p>\n<p>17.00 Smu\u010darski skoki<\/p>\n<p><strong>20.23 Podelitev odli\u010dij<\/strong><\/p>\n<p>Planica Nordijski park Kranjska Gora<\/td>\n<td width=\"200\">Gundersen posami\u010dno<\/p>\n<p>Gundersen posami\u010dno<\/p>\n<p><span style=\"font-family: inherit;\">Skiatlon<\/span><\/p>\n<p><span style=\"font-family: inherit;\">Ekipna tekma<\/span><\/p>\n<p><span style=\"font-family: inherit;\">Posami\u010dna tekma<\/span><\/td>\n<td>Mo\u0161ki HS 100<\/p>\n<p>Mo\u0161ki 10 km<\/p>\n<p>\u017denske 7,5 I 7,5 km<\/p>\n<p>\u017denske HS 100<\/p>\n<p>Mo\u0161ki HS 100<\/td>\n<\/tr>\n<tr>\n<td width=\"182\"><strong>Nedelja, <\/strong><\/p>\n<p><strong>26. FEBRUAR<\/strong><\/td>\n<td width=\"389\">10.30 Nord. kombinacija<\/p>\n<p>15.00 Nord. kombinacija<\/p>\n<p>11.30 Tek na smu\u010deh<\/p>\n<p>13.30 Tek na smu\u010deh<\/p>\n<p>17.00 Smu\u010darski skoki<\/p>\n<p><strong>20.23 Podelitev odli\u010dij<\/strong><\/p>\n<p>Planica Nordijski park Kranjska Gora<\/td>\n<td width=\"200\">Me\u0161ana ekipna tekma<\/p>\n<p>Me\u0161ana ekipna tekma<\/p>\n<p><span style=\"font-family: inherit;\">Ekipni sprint kvalifikacije, prosto<\/span><\/p>\n<p><span style=\"font-family: inherit;\">Ekipni sprint finale, prosto<\/span><\/p>\n<p><span style=\"font-family: inherit;\">Me\u0161ana ekipna tekma<\/span><\/td>\n<td>HS 100<\/p>\n<p>M 2x 5 km I W 2x 2,5 km<\/p>\n<p>\u017denske I Mo\u0161ki<\/p>\n<p>\u017denske I Mo\u0161ki<\/p>\n<p>HS 100<\/td>\n<\/tr>\n<\/tbody>\n<\/table>\n<\/div><\/section><br \/>\n<section  class='av_textblock_section av-ldk8u0tp-f5b6e0140744548c4881d6f8101f1ad9'  itemscope=\"itemscope\" itemtype=\"https:\/\/schema.org\/CreativeWork\" ><div class='avia_textblock'  itemprop=\"text\" ><table>\n<tbody>\n<tr>\n<td width=\"182\"><strong style=\"font-family: inherit;\">Ponedeljek,<\/strong><\/p>\n<p><strong>27. FEBRUAR<\/strong><\/td>\n<td width=\"177\">Prost dan<\/td>\n<td colspan=\"2\" width=\"412\"><\/td>\n<\/tr>\n<tr>\n<td width=\"182\"><strong style=\"font-family: inherit;\">Torek,<\/strong><\/p>\n<p><strong>28. FEBRUAR<\/strong><\/td>\n<td width=\"177\">12.30 Tek na smu\u010deh<\/p>\n<p><span style=\"font-family: inherit;\">18.30 Smu\u010darski skoki<\/span><\/td>\n<td width=\"212\">Posami\u010dno, prosto<\/p>\n<p><span style=\"font-family: inherit;\">Kvalifikacije posami\u010dno<\/span><\/td>\n<td width=\"200\">\u017denske 10 km<\/p>\n<p><span style=\"font-family: inherit;\">\u017denske HS 138<\/span><\/td>\n<\/tr>\n<tr>\n<td width=\"182\"><strong style=\"font-family: inherit;\">Sreda,<\/strong><\/p>\n<p><strong>1. MAREC<\/strong><\/td>\n<td width=\"177\">11.00 Nord. kombinacija<\/p>\n<p>15.10 Nord. kombinacija<\/p>\n<p>12.30 Tek na smu\u010deh<\/p>\n<p><span style=\"font-family: inherit;\">17.30 Smu\u010darski skoki<\/span><\/p>\n<p><strong>20.23 Podelitev odli\u010dij<\/strong><\/p>\n<p>Planica Nordijski park Kranjska Gora<\/td>\n<td width=\"212\">Ekipna tekma<\/p>\n<p>Ekipna tekma<\/p>\n<p>Posami\u010dno, prosto<\/p>\n<p><span style=\"font-family: inherit;\">Posami\u010dna tekma<\/span><\/td>\n<td width=\"200\">Mo\u0161ki HS 138<\/p>\n<p>Mo\u0161ki 4 x 5 km<\/p>\n<p>Mo\u0161ki 15 km<\/p>\n<p><span style=\"font-family: inherit;\">\u017denske HS 138<\/span><\/td>\n<\/tr>\n<tr>\n<td width=\"182\"><strong>\u010cetrtek, <\/strong><\/p>\n<p><strong>2. MAREC<\/strong><\/td>\n<td width=\"389\"><span style=\"font-family: inherit;\">12.30 Tek na smu\u010deh<\/span><\/p>\n<p>17.30 Smu\u010darski skoki<\/td>\n<td width=\"200\">\u0160tafeta, klasika, prosto<\/p>\n<p>Kvalifikacije posami\u010dno<\/td>\n<td><span style=\"font-family: inherit;\">\u017denske 4 x 5 km<\/span><\/p>\n<p><span style=\"font-family: inherit;\">Mo\u0161ki HS 138<\/span><\/td>\n<\/tr>\n<tr>\n<td width=\"182\"><strong>Petek,<\/strong><\/p>\n<p><strong>3. MAREC<\/strong><\/td>\n<td><span style=\"font-family: inherit;\">12.30 Tek na smu\u010deh<\/span><\/p>\n<p><span style=\"font-family: inherit;\">17.30 Smu\u010darski skoki<\/span><\/p>\n<p><strong>20.23 Podelitev odli\u010dij<\/strong><\/p>\n<p>Planica Nordijski park Kranjska Gora<\/td>\n<td width=\"200\">\u0160tafeta, klasika, prosto<\/p>\n<p><span style=\"font-family: inherit;\">Posami\u010dna tekma<\/span><\/td>\n<td><span style=\"font-family: inherit;\">Mo\u0161ki 4 x 10 km<\/span><\/p>\n<p><span style=\"font-family: inherit;\">Mo\u0161ki HS 138<\/span><\/td>\n<\/tr>\n<tr>\n<td width=\"182\"><strong>Sobota, <\/strong><\/p>\n<p><strong>4. MAREC<\/strong><\/td>\n<td width=\"389\">10.30 Nord. kombinacija<\/p>\n<p>15.00 Nord. kombinacija<\/p>\n<p>12.00 Tek na smu\u010deh<\/p>\n<p><span style=\"font-family: inherit;\">16.30 Smu\u010darski skoki<\/span><\/p>\n<p><strong>20.23 Podelitev odli\u010dij<\/strong><\/p>\n<p>Planica Nordijski park Kranjska Gora<\/td>\n<td width=\"200\">Gundersen posami\u010dno<\/p>\n<p>Gundersen posami\u010dno<\/p>\n<p><span style=\"font-family: inherit;\">Skupinski \u0161tart, klasika<\/span><\/p>\n<p><span style=\"font-family: inherit;\">Ekipna tekma\u00a0<\/span><\/td>\n<td>Mo\u0161ki HS 138<\/p>\n<p>Mo\u0161ki 10 km<\/p>\n<p>\u017denske 30 km<\/p>\n<p><span style=\"font-family: inherit;\">Mo\u0161ki HS 138<\/span><\/td>\n<\/tr>\n<tr>\n<td width=\"182\"><strong>Nedelja, <\/strong><\/p>\n<p><strong>5. MAREC<\/strong><\/td>\n<td width=\"389\"><span style=\"font-family: inherit;\">12.00 Tek na smu\u010deh<\/span><\/p>\n<p>Po zaklju\u010dku tekmovanja<\/td>\n<td width=\"200\"><span style=\"font-family: inherit;\">Skupinski \u0161tart, klasika<\/span><\/p>\n<p><strong style=\"font-family: inherit;\">Podelitev odli\u010dij in zaklju\u010dna slovesnost<\/strong><\/p>\n<p>Planica - teka\u0161ki stadion<\/td>\n<td><span style=\"font-family: inherit;\">Mo\u0161ki 50 km<\/span><\/td>\n<\/tr>\n<\/tbody>\n<\/table>\n<\/div><\/section><\/p><\/div>\n<\/div><\/div><\/div><!-- close content main div --><\/div><\/div><\/div><div id='after_section_1'  class='main_color av_default_container_wrap container_wrap sidebar_right'  ><div class='container av-section-cont-open' ><div class='template-page content  av-content-small alpha units'><div class='post-entry post-entry-type-page post-entry-440'><div class='entry-content-wrapper clearfix'>\n<div class='flex_column av-265low-e3423d7194dd6a19b56be5d59ed9911c av_one_full  avia-builder-el-7  el_after_av_section  el_before_av_one_third  avia-builder-el-first  first flex_column_div'     ><style type=\"text\/css\" data-created_by=\"avia_inline_auto\" id=\"style-css-av-220xu8-58ce18c10cd3f5a54614fd4f39eab995\">\n#top .av-special-heading.av-220xu8-58ce18c10cd3f5a54614fd4f39eab995{\npadding-bottom:10px;\n}\nbody .av-special-heading.av-220xu8-58ce18c10cd3f5a54614fd4f39eab995 .av-special-heading-tag .heading-char{\nfont-size:25px;\npadding-bottom:10px;\n}\n.av-special-heading.av-220xu8-58ce18c10cd3f5a54614fd4f39eab995 .av-subheading{\nfont-size:15px;\n}\n<\/style>\n<div  id=\"contact\"  class='av-special-heading av-220xu8-58ce18c10cd3f5a54614fd4f39eab995 av-special-heading-h3 blockquote elegant-quote elegant-centered  avia-builder-el-8  avia-builder-el-no-sibling  av-icon'><h3 class='av-special-heading-tag'  itemprop=\"headline\"  ><span class='heading-char avia-font-entypo-fontello' aria-hidden='true' data-av_icon='\ue805' data-av_iconfont='entypo-fontello'><\/span><span class=\"heading-wrap\">Kontakt<\/span><\/h3><div class=\"special-heading-border\"><div class=\"special-heading-inner-border\"><\/div><\/div><\/div><\/div>\n<div class='flex_column av-1kpcrk-94dd4492a7e3b7893d16186a2d430253 av_one_third  avia-builder-el-9  el_after_av_one_full  el_before_av_one_third  first flex_column_div column-top-margin'     ><form action=\"https:\/\/planica.kompas.si\/sl\/fis-nordic-world-ski-championships-planica-2023\/\" method=\"post\"  class=\"avia_ajax_form av-form-labels-hidden   avia-builder-el-10  avia-builder-el-no-sibling\" data-avia-form-id=\"1\" data-avia-redirect='' data-trp-original-action=\"https:\/\/planica.kompas.si\/sl\/fis-nordic-world-ski-championships-planica-2023\/\" ><h3 class=''>Kontakt<\/h3><fieldset><p class='first_form  form_element form_fullwidth' id='element_avia_1_1'><label for=\"avia_1_1\">Ime in Priimek <abbr class=\"required\" title=\"required\">*<\/abbr><\/label> <input name=\"avia_1_1\" class=\"text_input is_empty\" type=\"text\" id=\"avia_1_1\" value=\"\"  placeholder='Ime in Priimek'\/><\/p><p class='first_form  form_element form_fullwidth' id='element_avia_2_1'><label for=\"avia_2_1\">E-Mail <abbr class=\"required\" title=\"required\">*<\/abbr><\/label> <input name=\"avia_2_1\" class=\"text_input is_email\" type=\"text\" id=\"avia_2_1\" value=\"\"  placeholder='E-Mail*'\/><\/p><p class='first_form  form_element form_fullwidth av-last-visible-form-element' id='element_avia_3_1'><label for=\"avia_3_1\" class=\"textare_label hidden textare_label_avia_3_1\">Sporo\u010dilo <abbr class=\"required\" title=\"required\">*<\/abbr><\/label><textarea  placeholder='Sporo\u010dilo' name=\"avia_3_1\" class=\"text_area is_empty\" cols=\"40\" rows=\"7\" id=\"avia_3_1\" ><\/textarea><\/p><p class=\"hidden\"><input type=\"text\" name=\"avia_4_1\" class=\"hidden\" id=\"avia_4_1\" value=\"\" \/><\/p><p class=\"form_element\"><input type=\"hidden\" value=\"1\" name=\"avia_generated_form1\" \/><input type=\"submit\" value=\"Po\u0161lji\" class=\"button\"  data-sending-label=\"Sending\"\/><\/p><\/fieldset><input type=\"hidden\" name=\"trp-form-language\" value=\"sl\"\/><\/form><div id=\"ajaxresponse_1\" class=\"ajaxresponse ajaxresponse_1 hidden\"><\/div><\/div><div class='flex_column av-1vq034-c89f5e679af65f24ef8fcae78f53abad av_one_third  avia-builder-el-11  el_after_av_one_third  el_before_av_one_third  flex_column_div column-top-margin'     ><p>\n<style type=\"text\/css\" data-created_by=\"avia_inline_auto\" id=\"style-css-av-1fxqiw-e38e291958a2950f4b8be23582ad318b\">\n#top .hr.hr-invisible.av-1fxqiw-e38e291958a2950f4b8be23582ad318b{\nheight:30px;\n}\n<\/style>\n<div  class='hr av-1fxqiw-e38e291958a2950f4b8be23582ad318b hr-invisible  avia-builder-el-12  el_before_av_textblock  avia-builder-el-first'><span class='hr-inner'><span class=\"hr-inner-style\"><\/span><\/span><\/div><br \/>\n<section  class='av_textblock_section av-1r62uo-398db311e06d1be9a9482740c86301d9'  itemscope=\"itemscope\" itemtype=\"https:\/\/schema.org\/CreativeWork\" ><div class='avia_textblock'  itemprop=\"text\" ><h3 class=\"font_8\" style=\"text-align: center;\">Prodaja vstopnic<\/h3>\n<p class=\"font_8\" style=\"text-align: center;\"><strong>KOMPAS d.o.o.,<\/strong><\/p>\n<p class=\"font_8\" style=\"text-align: center;\">Dunajska 117,<br \/>\n1000 Ljubljana, Slovenia<br \/>\nT: +386 1 2006 111<br \/>\nE:\u00a0<a href=\"mailto:booking@kompas.si\" data-auto-recognition=\"true\">booking@kompas.si<\/a><\/p>\n<\/div><\/section><\/p><\/div>\n<div class='flex_column av-120x7c-662eff53758094a45a9379e2a8597926 av_one_third  avia-builder-el-14  el_after_av_one_third  el_before_av_one_full  flex_column_div column-top-margin'     ><p>\n<style type=\"text\/css\" data-created_by=\"avia_inline_auto\" id=\"style-css-av-7crz4-2fefeff5bbb1980ced4bce7ecd92d4a1\">\n#top .hr.hr-invisible.av-7crz4-2fefeff5bbb1980ced4bce7ecd92d4a1{\nheight:30px;\n}\n<\/style>\n<div  class='hr av-7crz4-2fefeff5bbb1980ced4bce7ecd92d4a1 hr-invisible  avia-builder-el-15  el_before_av_textblock  avia-builder-el-first'><span class='hr-inner'><span class=\"hr-inner-style\"><\/span><\/span><\/div><br \/>\n<section  class='av_textblock_section av-38o6o-d0b54298c21018e7dd0e221c1d6cb3b5'  itemscope=\"itemscope\" itemtype=\"https:\/\/schema.org\/CreativeWork\" ><div class='avia_textblock'  itemprop=\"text\" ><h3 class=\"font_8\" style=\"text-align: center;\">Organizator<\/h3>\n<p class=\"font_8\" style=\"text-align: center;\">\n<p class=\"font_8\" style=\"text-align: center;\"><strong>OK Planica, Smu\u010darska zveza Slovenije<\/strong><\/p>\n<p style=\"text-align: center;\">Poduti\u0161ka 146<br \/>\n1000 Ljubljana, Slovenia<\/p>\n<p class=\"font_8\" style=\"text-align: center;\"><a href=\"http:\/\/www.planica.si\/\" target=\"_blank\" rel=\"noreferrer noopener\">www.planica.si<\/a><\/p>\n<\/div><\/section><\/p><\/div>\n<div class='flex_column av-pstu8-3b04a64c5c099a07bc375919bc2e2541 av_one_full  avia-builder-el-17  el_after_av_one_third  el_before_av_google_map  avia-builder-el-last  first flex_column_div column-top-margin'     ><style type=\"text\/css\" data-created_by=\"avia_inline_auto\" id=\"style-css-av-j7mhk-40d07818da4012c614824309724e35c2\">\n#top .av-special-heading.av-j7mhk-40d07818da4012c614824309724e35c2{\npadding-bottom:10px;\n}\nbody .av-special-heading.av-j7mhk-40d07818da4012c614824309724e35c2 .av-special-heading-tag .heading-char{\nfont-size:25px;\npadding-bottom:10px;\n}\n.av-special-heading.av-j7mhk-40d07818da4012c614824309724e35c2 .av-subheading{\nfont-size:15px;\n}\n<\/style>\n<div  class='av-special-heading av-j7mhk-40d07818da4012c614824309724e35c2 av-special-heading-h3 blockquote elegant-quote elegant-centered  avia-builder-el-18  avia-builder-el-no-sibling  av-icon'><h3 class='av-special-heading-tag'  itemprop=\"headline\"  ><span class='heading-char avia-font-entypo-fontello' aria-hidden='true' data-av_icon='\ue842' data-av_iconfont='entypo-fontello'><\/span><span class=\"heading-wrap\">Lokacija<\/span><\/h3><div class=\"special-heading-border\"><div class=\"special-heading-inner-border\"><\/div><\/div><\/div><\/div>\n<div  class='av_gmaps_sc_main_wrap av_gmaps_main_wrap'><div id='av_gmap_0' class='avia-google-map-container avia-google-map-sc av_gmaps_show_unconditionally av-no-fallback-img' data-mapid='av_gmap_0'  style='height: 400px;'><a class=\"av_gmaps_browser_disabled av_text_confirm_link av_text_confirm_link_visible\" href=\"https:\/\/www.google.com\/maps\/search\/?api=1&#038;query=Planica\" target=\"_blank\" rel=\"noopener\">Maps were disabled by the visitor on this site. Click to open the map in a new window.<\/a><\/div><\/div>","protected":false},"excerpt":{"rendered":"","protected":false},"author":2,"featured_media":0,"parent":0,"menu_order":0,"comment_status":"closed","ping_status":"closed","template":"","meta":{"footnotes":""},"class_list":["post-440","page","type-page","status-publish","hentry"],"_links":{"self":[{"href":"https:\/\/planica.kompas.si\/sl\/wp-json\/wp\/v2\/pages\/440","targetHints":{"allow":["GET"]}}],"collection":[{"href":"https:\/\/planica.kompas.si\/sl\/wp-json\/wp\/v2\/pages"}],"about":[{"href":"https:\/\/planica.kompas.si\/sl\/wp-json\/wp\/v2\/types\/page"}],"author":[{"embeddable":true,"href":"https:\/\/planica.kompas.si\/sl\/wp-json\/wp\/v2\/users\/2"}],"replies":[{"embeddable":true,"href":"https:\/\/planica.kompas.si\/sl\/wp-json\/wp\/v2\/comments?post=440"}],"version-history":[{"count":14,"href":"https:\/\/planica.kompas.si\/sl\/wp-json\/wp\/v2\/pages\/440\/revisions"}],"predecessor-version":[{"id":883,"href":"https:\/\/planica.kompas.si\/sl\/wp-json\/wp\/v2\/pages\/440\/revisions\/883"}],"wp:attachment":[{"href":"https:\/\/planica.kompas.si\/sl\/wp-json\/wp\/v2\/media?parent=440"}],"curies":[{"name":"wp","href":"https:\/\/api.w.org\/{rel}","templated":true}]}}