{"id":15,"date":"2022-10-14T07:53:10","date_gmt":"2022-10-14T06:53:10","guid":{"rendered":"https:\/\/planica.kompas.si\/?page_id=15"},"modified":"2026-02-06T10:48:47","modified_gmt":"2026-02-06T09:48:47","slug":"shop","status":"publish","type":"page","link":"https:\/\/planica.kompas.si\/sl\/shop\/","title":{"rendered":"Vstopnice"},"content":{"rendered":"<section  class='av_textblock_section av-mkwptv4q-e0065146abc99e848e3189b423d0963b'  itemscope=\"itemscope\" itemtype=\"https:\/\/schema.org\/CreativeWork\" ><div class='avia_textblock'  itemprop=\"text\" ><\/div><\/section>\n\n\n<style type=\"text\/css\" data-created_by=\"avia_inline_auto\" id=\"style-css-av-lfwtl7af-1395aa782654ae43fc2329cd9b776e9b\">\n#top .hr.hr-invisible.av-lfwtl7af-1395aa782654ae43fc2329cd9b776e9b{\nheight:80px;\n}\n<\/style>\n<div  class='hr av-lfwtl7af-1395aa782654ae43fc2329cd9b776e9b hr-invisible  avia-builder-el-2  el_after_av_codeblock  el_before_av_hr'><span class='hr-inner'><span class=\"hr-inner-style\"><\/span><\/span><\/div>\n\n<style type=\"text\/css\" data-created_by=\"avia_inline_auto\" id=\"style-css-av-ldk5s4iy-945be397e9a884e9fff809a4be7dfb1b\">\n#top .hr.hr-invisible.av-ldk5s4iy-945be397e9a884e9fff809a4be7dfb1b{\nheight:50px;\n}\n<\/style>\n<div  class='hr av-ldk5s4iy-945be397e9a884e9fff809a4be7dfb1b hr-invisible  avia-builder-el-3  el_after_av_hr  el_before_av_one_full'><span class='hr-inner'><span class=\"hr-inner-style\"><\/span><\/span><\/div>\n<div class='flex_column av-ldbm4kq5-23b07c3ce28044d3cce3c90e0fa51d6b av_one_full  avia-builder-el-4  el_after_av_hr  el_before_av_image  first flex_column_div'     ><style type=\"text\/css\" data-created_by=\"avia_inline_auto\" id=\"style-css-sub-av-ml4xksm4-abbb3171c51e36ec84912227f17d8fd1\">\n.av-hotspot-image-container .av-image-hotspot.av-60u13-a211ab1638717d66c617b363199a200b{\ntop:82%;\nleft:58.5%;\n}\n.av-hotspot-image-container .av-image-hotspot.av-60u13-a211ab1638717d66c617b363199a200b .av-image-hotspot_inner{\nbackground-color:#00c7ff;\ncolor:#ffffff;\n}\n.av-hotspot-image-container .av-image-hotspot.av-60u13-a211ab1638717d66c617b363199a200b .av-image-hotspot-pulse{\nbackground-color:#ffffff;\n}\n.av-hotspot-image-container .av-image-hotspot.av-5hvrz-e0c9216cbbf14e0123a9d8e891da61ee{\ntop:69.8%;\nleft:27.6%;\n}\n.av-hotspot-image-container .av-image-hotspot.av-5hvrz-e0c9216cbbf14e0123a9d8e891da61ee .av-image-hotspot_inner{\nbackground-color:#32d001;\ncolor:#ffffff;\n}\n.av-hotspot-image-container .av-image-hotspot.av-5hvrz-e0c9216cbbf14e0123a9d8e891da61ee .av-image-hotspot-pulse{\nbackground-color:#ffffff;\n}\n.av-hotspot-image-container .av-image-hotspot.av-4tucf-715762db35523a8040517f468a5281aa{\ntop:73.8%;\nleft:41%;\n}\n.av-hotspot-image-container .av-image-hotspot.av-4tucf-715762db35523a8040517f468a5281aa .av-image-hotspot_inner{\nbackground-color:#ee4629;\ncolor:#ffffff;\n}\n.av-hotspot-image-container .av-image-hotspot.av-4tucf-715762db35523a8040517f468a5281aa .av-image-hotspot-pulse{\nbackground-color:#ffffff;\n}\n.av-hotspot-image-container .av-image-hotspot.av-4lpob-c0e2657ba363de8e18392d6ebb081c5a{\ntop:79.7%;\nleft:82.2%;\n}\n.av-hotspot-image-container .av-image-hotspot.av-4lpob-c0e2657ba363de8e18392d6ebb081c5a .av-image-hotspot_inner{\nbackground-color:#ee4629;\ncolor:#ffffff;\n}\n.av-hotspot-image-container .av-image-hotspot.av-4lpob-c0e2657ba363de8e18392d6ebb081c5a .av-image-hotspot-pulse{\nbackground-color:#ffffff;\n}\n.av-hotspot-image-container .av-image-hotspot.av-3uvgz-d4619a4bb4c88f6d12b77d21e8085a28{\ntop:75.9%;\nleft:23.7%;\n}\n.av-hotspot-image-container .av-image-hotspot.av-3uvgz-d4619a4bb4c88f6d12b77d21e8085a28 .av-image-hotspot_inner{\nbackground-color:#ffffff;\ncolor:#888888;\n}\n.av-hotspot-image-container .av-image-hotspot.av-3uvgz-d4619a4bb4c88f6d12b77d21e8085a28 .av-image-hotspot-pulse{\nbackground-color:#ffffff;\n}\n.av-hotspot-image-container .av-image-hotspot.av-3jxpz-09e1b6a13b1f2740fc2377e212d14629{\ntop:81.5%;\nleft:33.2%;\n}\n.av-hotspot-image-container .av-image-hotspot.av-3jxpz-09e1b6a13b1f2740fc2377e212d14629 .av-image-hotspot_inner{\nbackground-color:#eaff00;\ncolor:#888888;\n}\n.av-hotspot-image-container .av-image-hotspot.av-3jxpz-09e1b6a13b1f2740fc2377e212d14629 .av-image-hotspot-pulse{\nbackground-color:#ffffff;\n}\n.av-hotspot-image-container .av-image-hotspot.av-2yujf-2d166832819419bb82e0f4273a7e80f2{\ntop:82.8%;\nleft:41.9%;\n}\n.av-hotspot-image-container .av-image-hotspot.av-2yujf-2d166832819419bb82e0f4273a7e80f2 .av-image-hotspot_inner{\nbackground-color:#eaff00;\ncolor:#888888;\n}\n.av-hotspot-image-container .av-image-hotspot.av-2yujf-2d166832819419bb82e0f4273a7e80f2 .av-image-hotspot-pulse{\nbackground-color:#ffffff;\n}\n.av-hotspot-image-container .av-image-hotspot.av-1xtlb-fd22aec3c0e2cf9f7bb9dd291f1b1739{\ntop:79.7%;\nleft:49.4%;\n}\n.av-hotspot-image-container .av-image-hotspot.av-1xtlb-fd22aec3c0e2cf9f7bb9dd291f1b1739 .av-image-hotspot_inner{\nbackground-color:#eaff00;\ncolor:#888888;\n}\n.av-hotspot-image-container .av-image-hotspot.av-1xtlb-fd22aec3c0e2cf9f7bb9dd291f1b1739 .av-image-hotspot-pulse{\nbackground-color:#ffffff;\n}\n.av-hotspot-image-container .av-image-hotspot.av-5vfj-e90947995ba6e7aeaf58ef679d62e6ab{\ntop:73.4%;\nleft:48.8%;\n}\n.av-hotspot-image-container .av-image-hotspot.av-5vfj-e90947995ba6e7aeaf58ef679d62e6ab .av-image-hotspot_inner{\nbackground-color:#eaff00;\ncolor:#888888;\n}\n.av-hotspot-image-container .av-image-hotspot.av-5vfj-e90947995ba6e7aeaf58ef679d62e6ab .av-image-hotspot-pulse{\nbackground-color:#ffffff;\n}\n.av-hotspot-image-container .av-image-hotspot.av-skpr-c58a97a0737baf5d936e3991d5f989dd{\ntop:74.5%;\nleft:44.1%;\n}\n.av-hotspot-image-container .av-image-hotspot.av-skpr-c58a97a0737baf5d936e3991d5f989dd .av-image-hotspot_inner{\nbackground-color:#4e53a0;\ncolor:#ffffff;\n}\n.av-hotspot-image-container .av-image-hotspot.av-skpr-c58a97a0737baf5d936e3991d5f989dd .av-image-hotspot-pulse{\nbackground-color:#ffffff;\n}\n<\/style>\n<div  class='av-hotspot-image-container av-ml4xksm4-abbb3171c51e36ec84912227f17d8fd1  avia-builder-el-5  avia-builder-el-no-sibling  av-desktop-hide av-medium-hide av-small-hide av-mini-hide av-hotspot-blank av-mobile-fallback-active  av-non-fullwidth-hotspot-image'  itemprop=\"image\" itemscope=\"itemscope\" itemtype=\"https:\/\/schema.org\/ImageObject\" ><div class='av-hotspot-container'><div class='av-hotspot-container-inner-cell'><div class='av-hotspot-container-inner-wrap'><div class='av-image-hotspot av-60u13-a211ab1638717d66c617b363199a200b av-image-hotspot-1' data-avia-tooltip-position='top' data-avia-tooltip-alignment='left' data-avia-tooltip-class='av-tt-default-width av-tt-pos-above av-tt-align-left  av-mobile-fallback-active  main_color av-tt-hotspot' data-avia-tooltip='&lt;p&gt;Club Planica \/ Klub Planica&lt;\/p&gt;'><div class='av-image-hotspot_inner'>1<\/div><div class='av-image-hotspot-pulse'><\/div><\/div><div class='av-image-hotspot av-5hvrz-e0c9216cbbf14e0123a9d8e891da61ee av-image-hotspot-2' data-avia-tooltip-position='top' data-avia-tooltip-alignment='left' data-avia-tooltip-class='av-tt-default-width av-tt-pos-above av-tt-align-left  av-mobile-fallback-active  main_color av-tt-hotspot' data-avia-tooltip='&lt;p&gt;Grandstand Kavka \/ Tribuna Kavka&lt;\/p&gt;'><div class='av-image-hotspot_inner'>2<\/div><div class='av-image-hotspot-pulse'><\/div><\/div><div class='av-image-hotspot av-4tucf-715762db35523a8040517f468a5281aa av-image-hotspot-3' data-avia-tooltip-position='top' data-avia-tooltip-alignment='left' data-avia-tooltip-class='av-tt-default-width av-tt-pos-above av-tt-align-left  av-mobile-fallback-active  main_color av-tt-hotspot' data-avia-tooltip='&lt;p&gt;Club 239 \/ Klub 239&lt;\/p&gt;'><div class='av-image-hotspot_inner'>3<\/div><div class='av-image-hotspot-pulse'><\/div><\/div><div class='av-image-hotspot av-4lpob-c0e2657ba363de8e18392d6ebb081c5a av-image-hotspot-4' data-avia-tooltip-position='top' data-avia-tooltip-alignment='left' data-avia-tooltip-class='av-tt-default-width av-tt-pos-above av-tt-align-left  av-mobile-fallback-active  main_color av-tt-hotspot' data-avia-tooltip='&lt;p&gt;Club 239 \/ Klub 239&lt;\/p&gt;'><div class='av-image-hotspot_inner'>4<\/div><div class='av-image-hotspot-pulse'><\/div><\/div><div class='av-image-hotspot av-3uvgz-d4619a4bb4c88f6d12b77d21e8085a28 av-image-hotspot-5' data-avia-tooltip-position='top' data-avia-tooltip-alignment='left' data-avia-tooltip-class='av-tt-default-width av-tt-pos-above av-tt-align-left  av-mobile-fallback-active  main_color av-tt-hotspot' data-avia-tooltip='&lt;p&gt;Grandstand Krka \/ Tribuna Krka&lt;\/p&gt;'><div class='av-image-hotspot_inner'>5<\/div><div class='av-image-hotspot-pulse'><\/div><\/div><div class='av-image-hotspot av-3jxpz-09e1b6a13b1f2740fc2377e212d14629 av-image-hotspot-6' data-avia-tooltip-position='top' data-avia-tooltip-alignment='left' data-avia-tooltip-class='av-tt-default-width av-tt-pos-above av-tt-align-left  av-mobile-fallback-active  main_color av-tt-hotspot' data-avia-tooltip='&lt;p&gt;Standing positions \/ Stoji\u0161\u010da&lt;\/p&gt;'><div class='av-image-hotspot_inner'>6<\/div><div class='av-image-hotspot-pulse'><\/div><\/div><div class='av-image-hotspot av-2yujf-2d166832819419bb82e0f4273a7e80f2 av-image-hotspot-7' data-avia-tooltip-position='top' data-avia-tooltip-alignment='left' data-avia-tooltip-class='av-tt-default-width av-tt-pos-above av-tt-align-left  av-mobile-fallback-active  main_color av-tt-hotspot' data-avia-tooltip='&lt;p&gt;Standing positions \/ Stoji\u0161\u010da&lt;\/p&gt;'><div class='av-image-hotspot_inner'>7<\/div><div class='av-image-hotspot-pulse'><\/div><\/div><div class='av-image-hotspot av-1xtlb-fd22aec3c0e2cf9f7bb9dd291f1b1739 av-image-hotspot-8' data-avia-tooltip-position='top' data-avia-tooltip-alignment='left' data-avia-tooltip-class='av-tt-default-width av-tt-pos-above av-tt-align-left  av-mobile-fallback-active  main_color av-tt-hotspot' data-avia-tooltip='&lt;p&gt;Standing positions \/ Stoji\u0161\u010da&lt;\/p&gt;'><div class='av-image-hotspot_inner'>8<\/div><div class='av-image-hotspot-pulse'><\/div><\/div><div class='av-image-hotspot av-5vfj-e90947995ba6e7aeaf58ef679d62e6ab av-image-hotspot-9' data-avia-tooltip-position='top' data-avia-tooltip-alignment='left' data-avia-tooltip-class='av-tt-default-width av-tt-pos-above av-tt-align-left  av-mobile-fallback-active  main_color av-tt-hotspot' data-avia-tooltip='&lt;p&gt;Standing positions \/ Stoji\u0161\u010da&lt;\/p&gt;'><div class='av-image-hotspot_inner'>9<\/div><div class='av-image-hotspot-pulse'><\/div><\/div><div class='av-image-hotspot av-skpr-c58a97a0737baf5d936e3991d5f989dd av-image-hotspot-10' data-avia-tooltip-position='top' data-avia-tooltip-alignment='left' data-avia-tooltip-class='av-tt-default-width av-tt-pos-above av-tt-align-left  av-mobile-fallback-active  main_color av-tt-hotspot' data-avia-tooltip='&lt;p&gt;Grandstand NLB \/ Tribuna NLB&lt;\/p&gt;'><div class='av-image-hotspot_inner'>10<\/div><div class='av-image-hotspot-pulse'><\/div><\/div><img decoding=\"async\" class='wp-image-3296 avia-img-lazy-loading-not-3296 avia_image' src=\"https:\/\/planica.kompas.si\/wp-content\/uploads\/2024\/11\/Prizorisce_vstopnice_2025.png\" alt='' title='Prizoris\u030cc\u030ce_vstopnice_2025'  height=\"2954\" width=\"2954\"  itemprop=\"thumbnailUrl\" srcset=\"https:\/\/planica.kompas.si\/wp-content\/uploads\/2024\/11\/Prizorisce_vstopnice_2025.png 2954w, https:\/\/planica.kompas.si\/wp-content\/uploads\/2024\/11\/Prizorisce_vstopnice_2025-300x300.png 300w, https:\/\/planica.kompas.si\/wp-content\/uploads\/2024\/11\/Prizorisce_vstopnice_2025-1030x1030.png 1030w, https:\/\/planica.kompas.si\/wp-content\/uploads\/2024\/11\/Prizorisce_vstopnice_2025-80x80.png 80w, https:\/\/planica.kompas.si\/wp-content\/uploads\/2024\/11\/Prizorisce_vstopnice_2025-768x768.png 768w, https:\/\/planica.kompas.si\/wp-content\/uploads\/2024\/11\/Prizorisce_vstopnice_2025-1536x1536.png 1536w, https:\/\/planica.kompas.si\/wp-content\/uploads\/2024\/11\/Prizorisce_vstopnice_2025-2048x2048.png 2048w, https:\/\/planica.kompas.si\/wp-content\/uploads\/2024\/11\/Prizorisce_vstopnice_2025-12x12.png 12w, https:\/\/planica.kompas.si\/wp-content\/uploads\/2024\/11\/Prizorisce_vstopnice_2025-36x36.png 36w, https:\/\/planica.kompas.si\/wp-content\/uploads\/2024\/11\/Prizorisce_vstopnice_2025-180x180.png 180w, https:\/\/planica.kompas.si\/wp-content\/uploads\/2024\/11\/Prizorisce_vstopnice_2025-1500x1500.png 1500w, https:\/\/planica.kompas.si\/wp-content\/uploads\/2024\/11\/Prizorisce_vstopnice_2025-705x705.png 705w, https:\/\/planica.kompas.si\/wp-content\/uploads\/2024\/11\/Prizorisce_vstopnice_2025-120x120.png 120w, https:\/\/planica.kompas.si\/wp-content\/uploads\/2024\/11\/Prizorisce_vstopnice_2025-450x450.png 450w, https:\/\/planica.kompas.si\/wp-content\/uploads\/2024\/11\/Prizorisce_vstopnice_2025-600x600.png 600w, https:\/\/planica.kompas.si\/wp-content\/uploads\/2024\/11\/Prizorisce_vstopnice_2025-100x100.png 100w\" sizes=\"(max-width: 2954px) 100vw, 2954px\" \/><\/div><\/div><\/div><div class='av-hotspot-fallback-tooltip av-image-hotspot-1'><div class=\"av-hotspot-fallback-tooltip-count\">1<div class=\"avia-arrow\"><\/div><\/div><div class=\"av-hotspot-fallback-tooltip-inner clearfix\"><p>\nClub Planica \/ Klub Planica<\/p>\n<\/div><\/div><div class='av-hotspot-fallback-tooltip av-image-hotspot-2'><div class=\"av-hotspot-fallback-tooltip-count\">2<div class=\"avia-arrow\"><\/div><\/div><div class=\"av-hotspot-fallback-tooltip-inner clearfix\"><p>\nGrandstand Kavka \/ Tribuna Kavka<\/p>\n<\/div><\/div><div class='av-hotspot-fallback-tooltip av-image-hotspot-3'><div class=\"av-hotspot-fallback-tooltip-count\">3<div class=\"avia-arrow\"><\/div><\/div><div class=\"av-hotspot-fallback-tooltip-inner clearfix\"><p>\nClub 239 \/ Klub 239<\/p>\n<\/div><\/div><div class='av-hotspot-fallback-tooltip av-image-hotspot-4'><div class=\"av-hotspot-fallback-tooltip-count\">4<div class=\"avia-arrow\"><\/div><\/div><div class=\"av-hotspot-fallback-tooltip-inner clearfix\"><p>\nClub 239 \/ Klub 239<\/p>\n<\/div><\/div><div class='av-hotspot-fallback-tooltip av-image-hotspot-5'><div class=\"av-hotspot-fallback-tooltip-count\">5<div class=\"avia-arrow\"><\/div><\/div><div class=\"av-hotspot-fallback-tooltip-inner clearfix\"><p>\nGrandstand Krka \/ Tribuna Krka<\/p>\n<\/div><\/div><div class='av-hotspot-fallback-tooltip av-image-hotspot-6'><div class=\"av-hotspot-fallback-tooltip-count\">6<div class=\"avia-arrow\"><\/div><\/div><div class=\"av-hotspot-fallback-tooltip-inner clearfix\"><p>\nStanding positions \/ Stoji\u0161\u010da<\/p>\n<\/div><\/div><div class='av-hotspot-fallback-tooltip av-image-hotspot-7'><div class=\"av-hotspot-fallback-tooltip-count\">7<div class=\"avia-arrow\"><\/div><\/div><div class=\"av-hotspot-fallback-tooltip-inner clearfix\"><p>\nStanding positions \/ Stoji\u0161\u010da<\/p>\n<\/div><\/div><div class='av-hotspot-fallback-tooltip av-image-hotspot-8'><div class=\"av-hotspot-fallback-tooltip-count\">8<div class=\"avia-arrow\"><\/div><\/div><div class=\"av-hotspot-fallback-tooltip-inner clearfix\"><p>\nStanding positions \/ Stoji\u0161\u010da<\/p>\n<\/div><\/div><div class='av-hotspot-fallback-tooltip av-image-hotspot-9'><div class=\"av-hotspot-fallback-tooltip-count\">9<div class=\"avia-arrow\"><\/div><\/div><div class=\"av-hotspot-fallback-tooltip-inner clearfix\"><p>\nStanding positions \/ Stoji\u0161\u010da<\/p>\n<\/div><\/div><div class='av-hotspot-fallback-tooltip av-image-hotspot-10'><div class=\"av-hotspot-fallback-tooltip-count\">10<div class=\"avia-arrow\"><\/div><\/div><div class=\"av-hotspot-fallback-tooltip-inner clearfix\"><p>\nGrandstand NLB \/ Tribuna NLB<\/p>\n<\/div><\/div><\/div><\/div>\n\n<style type=\"text\/css\" data-created_by=\"avia_inline_auto\" id=\"style-css-av-ml9mqhuq-e4c26a695d75dea2f61d820913043a48\">\n.avia-image-container.av-ml9mqhuq-e4c26a695d75dea2f61d820913043a48 img.avia_image{\nbox-shadow:none;\n}\n.avia-image-container.av-ml9mqhuq-e4c26a695d75dea2f61d820913043a48 .av-image-caption-overlay-center{\ncolor:#ffffff;\n}\n<\/style>\n<div  class='avia-image-container av-ml9mqhuq-e4c26a695d75dea2f61d820913043a48 av-styling- avia-align-center  avia-builder-el-6  el_after_av_one_full  el_before_av_hr'   itemprop=\"image\" itemscope=\"itemscope\" itemtype=\"https:\/\/schema.org\/ImageObject\" ><div class=\"avia-image-container-inner\"><div class=\"avia-image-overlay-wrap\"><img decoding=\"async\" class='wp-image-4796 avia-img-lazy-loading-not-4796 avia_image' src=\"https:\/\/planica.kompas.si\/wp-content\/uploads\/2026\/02\/Prizorisce_vstopnice-Planica_2026-1030x1030.jpg\" alt='' title='Prizoris\u030cc\u030ce_vstopnice-Planica_2026'  height=\"1030\" width=\"1030\"  itemprop=\"thumbnailUrl\" srcset=\"https:\/\/planica.kompas.si\/wp-content\/uploads\/2026\/02\/Prizorisce_vstopnice-Planica_2026-1030x1030.jpg 1030w, https:\/\/planica.kompas.si\/wp-content\/uploads\/2026\/02\/Prizorisce_vstopnice-Planica_2026-300x300.jpg 300w, https:\/\/planica.kompas.si\/wp-content\/uploads\/2026\/02\/Prizorisce_vstopnice-Planica_2026-80x80.jpg 80w, https:\/\/planica.kompas.si\/wp-content\/uploads\/2026\/02\/Prizorisce_vstopnice-Planica_2026-768x768.jpg 768w, https:\/\/planica.kompas.si\/wp-content\/uploads\/2026\/02\/Prizorisce_vstopnice-Planica_2026-1536x1536.jpg 1536w, https:\/\/planica.kompas.si\/wp-content\/uploads\/2026\/02\/Prizorisce_vstopnice-Planica_2026-2048x2048.jpg 2048w, https:\/\/planica.kompas.si\/wp-content\/uploads\/2026\/02\/Prizorisce_vstopnice-Planica_2026-12x12.jpg 12w, https:\/\/planica.kompas.si\/wp-content\/uploads\/2026\/02\/Prizorisce_vstopnice-Planica_2026-36x36.jpg 36w, https:\/\/planica.kompas.si\/wp-content\/uploads\/2026\/02\/Prizorisce_vstopnice-Planica_2026-180x180.jpg 180w, https:\/\/planica.kompas.si\/wp-content\/uploads\/2026\/02\/Prizorisce_vstopnice-Planica_2026-1500x1500.jpg 1500w, https:\/\/planica.kompas.si\/wp-content\/uploads\/2026\/02\/Prizorisce_vstopnice-Planica_2026-705x705.jpg 705w, https:\/\/planica.kompas.si\/wp-content\/uploads\/2026\/02\/Prizorisce_vstopnice-Planica_2026-120x120.jpg 120w, https:\/\/planica.kompas.si\/wp-content\/uploads\/2026\/02\/Prizorisce_vstopnice-Planica_2026-450x450.jpg 450w, https:\/\/planica.kompas.si\/wp-content\/uploads\/2026\/02\/Prizorisce_vstopnice-Planica_2026-600x600.jpg 600w, https:\/\/planica.kompas.si\/wp-content\/uploads\/2026\/02\/Prizorisce_vstopnice-Planica_2026-100x100.jpg 100w\" sizes=\"(max-width: 1030px) 100vw, 1030px\" \/><\/div><\/div><\/div>\n\n<style type=\"text\/css\" data-created_by=\"avia_inline_auto\" id=\"style-css-av-lfi092b0-fab2f7bec98b659ff21c29c471135612\">\n#top .hr.hr-invisible.av-lfi092b0-fab2f7bec98b659ff21c29c471135612{\nheight:30px;\n}\n<\/style>\n<div  class='hr av-lfi092b0-fab2f7bec98b659ff21c29c471135612 hr-invisible  avia-builder-el-7  el_after_av_image  el_before_av_textblock'><span class='hr-inner'><span class=\"hr-inner-style\"><\/span><\/span><\/div>\n\n<style type=\"text\/css\" data-created_by=\"avia_inline_auto\" id=\"style-css-av-ldk5mbc6-4f7d6e077f836c6ed2835463230736c2\">\n#top .av_textblock_section.av-ldk5mbc6-4f7d6e077f836c6ed2835463230736c2 .avia_textblock{\nfont-size:10px;\n}\n<\/style>\n<section  class='av_textblock_section av-ldk5mbc6-4f7d6e077f836c6ed2835463230736c2'  itemscope=\"itemscope\" itemtype=\"https:\/\/schema.org\/CreativeWork\" ><div class='avia_textblock'  itemprop=\"text\" ><h5>SPLO\u0160NI POGOJI IN POMEMBNE INFORMACIJE<\/h5>\n<ul>\n<li>Vra\u010dilo kupnine ni mo\u017eno, razen v primeru  odpovedi prireditve ali spremembe datuma prireditve, ob predlo\u017eitvi ustreznega dokazila (vstopnica ali ra\u010dun).<\/li>\n<li>Admission for children up to and including 6 years old is free every day. Children&#8217;s tickets for free entry must be picked up at the ticket office upon entering the venue.<\/li>\n<li>Do otro\u0161ke vstopnice so upravi\u010deni otroci od 7. do vklju\u010dno 14. leta v spremstvu star\u0161ev ali skrbnikov. V nedeljo, 29. marca 2026, imajo otroci do vklju\u010dno 14. leta prost vstop.<\/li>\n<li>Otroci do vklju\u010dno 2. leta imajo v spremstvu star\u0161ev ali skrbnikov prost vstop na tribune.<\/li>\n<li>Otroci od dopolnjenega 3. leta potrebujejo svojo vstopnico za tribuno.<\/li>\n<li>Ob nakupu posamezne ali ve\u010d vstopnic je potrebno poravnati stro\u0161ke prijavnine, ki zna\u0161a 1 EUR na vstopnico.<\/li>\n<\/ul>\n<p class=\"p1\">Vstopnica <b>STOJI\u0160\u010cE<\/b> ticket grants access to the event venue, movement within the designated area of the venue, entry to the main catering tent, access to the Entertainment Arena with an accompanying program. Standing place ticket holders may also use the organiser&#8217;s transport on the circular route KRANJSKA GORA\u2013PODKOREN\u2013LEDINE\u2013PLANICA\u2013LEDINE\u2013PODKOREN\u2013KRANJSKA GORA from designated parking areas arranged by the organiser.<\/p>\n<p class=\"p1\">Z nakupom vstopnice <b>TRIBUNA KRKA<\/b> ticket, you are entitled to access to the event venue, movement within the designated area of the venue, a seat on the KRKA Grandstand, dedicated toilets only for the KRKA Grandstand ticket holders, entry to the main catering tent, access to the Entertainment Arena with an accompanying program. KRKA Grandstand ticket holders may use the organiser&#8217;s transport on the circular route KRANJSKA GORA\u2013PODKOREN\u2013LEDINE\u2013PLANICA\u2013LEDINE\u2013PODKOREN\u2013KRANJSKA GORA from designated parking areas arranged by the organiser.<\/p>\n<p class=\"p1\">Z nakupom vstopnice <b>TRIBUNA KAVKA<\/b> ticket you are entitled to: access to the event venue, movement within the designated area of the venue, a seat on the KAVKA Grandstand, access to food and drink providers in the immediate vicinity of the Grandstand (food and drinks for an additional fee), dedicated toilets for the KAVKA Grandstand ticket holders, entry to the main catering tent, access to the Entertainment Arena with an accompanying program. KAVKA Grandstand ticket holders may use the organiser&#8217;s transport on the circular route KRANJSKA GORA\u2013PODKOREN\u2013LEDINE\u2013PLANICA\u2013LEDINE\u2013PODKOREN\u2013KRANJSKA GORA from designated parking areas arranged by the organiser.<\/p>\n<p class=\"p1\">Z nakupom vstopnice <b>TRIBUNA NLB<\/b> ticket you are entitled to: access to the event venue, movement within the designated area of the venue, a seat in the NLB Grandstand, access to food and drink providers in the immediate vicinity of the Grandstand (food and drinks for an additional fee), use of toilets, entry to the main catering tent, access to the Entertainment Arena with an accompanying program. NLB Grandstand ticket holders may use the organiser&#8217;s transport on the circular route KRANJSKA GORA\u2013PODKOREN\u2013LEDINE\u2013PLANICA\u2013 LEDINE\u2013PODKOREN\u2013KRANJSKA GORA from designated parking areas arranged by the organiser.<\/p>\n<p class=\"p1\">Vstopnica <b>VIP KLUB PLANICA<\/b> ticket includes: access to the event venue, special VIP entrance, watching the competition at the exclusive location next to the VIP tent &#8211; VIP terrace, exclusive layout and scenography of the VIP tent, reserved table\/seat for the whole day, view of the Entertainment Arena with an accompanying program, movement in the designated area of the venue, a special program in the VIP tent, separate VIP toilets, guided tours of the Gori\u0161ek brothers Ski Flying Hill. VIP Club Planica ticket holders can also benefit from the following: premium food and beverages selected by the organizer during the entire program in the VIP tent (1 hour before and up to 1 hour after the end of the competition), VIP transport on the circular route KRANJSKA GORA\u2013PLANICA\u2013KRANJSKA GORA from the designated pick-up point arranged by the organiser.<\/p>\n<p class=\"p1\">Vstopnica <b>VIP KLUB REKORD<\/b> ticket includes access to the event venue, special VIP entrance, seat on the NLB Grandstand, special access to the NLB Grandstand directly connected to Club Record (underground tunnel), exclusive layout and scenography of Club Record, movement within the marked area of the venue, separate VIP toilets. VIP Club Record ticket holders can also benefit from the following: premium food and beverages selected by the organizer during the entire program (1 hour before and up to 1 hour after the end of the competition), VIP transport on the circular route KRANJSKA GORA\u2013PLANICA\u2013KRANJSKA GORA from the designated pick-up point arranged by the organiser<b>.<\/b><\/p>\n<p class=\"p1\">By purchasing a ticket, the visitor agrees to the restrictions determined by the event organiser. The ticket is valid for one person (single entry) on the date of the event specified on the ticket. Any misuse of the ticket will be subject to penalty. Dogs and other animals are not allowed at the event. The organizer reserves the right to make minor changes to the program. In the event of cancellation of the Saturday Women\u2019s competition, ticket holders (of any category) are entitled to a refund of EUR 5.00 if the ticket was purchased in pre-sale, or EUR 7.00 if the ticket was purchased at the regular sale price. In the event of cancellation of a single competition VIP tickets holders are entitled only to a refund equivalent to the value of a standing ticket, if they have already entered the venue (the ticket has been scanned upon entry).<\/p>\n<p class=\"p1\">The bringing of alcohol, bottles, glasses, cans, sticks, weapons, explosive devices, fireworks accessories, and any other objects that may endanger public safety is strictly prohibited. Exit during the event is only permitted at designated and marked areas. Attendance at the event is at the visitor&#8217;s own risk. By attending the event, the visitor grants permission for audio-visual recording and photography in a public place without any claim to compensation, for purposes of public communication, including journalistic and security use. Tickets should only be purchased from authorized ticket sellers.<\/p>\n<\/div><\/section>","protected":false},"excerpt":{"rendered":"","protected":false},"author":1,"featured_media":0,"parent":0,"menu_order":0,"comment_status":"closed","ping_status":"closed","template":"","meta":{"footnotes":""},"class_list":["post-15","page","type-page","status-publish","hentry"],"_links":{"self":[{"href":"https:\/\/planica.kompas.si\/sl\/wp-json\/wp\/v2\/pages\/15","targetHints":{"allow":["GET"]}}],"collection":[{"href":"https:\/\/planica.kompas.si\/sl\/wp-json\/wp\/v2\/pages"}],"about":[{"href":"https:\/\/planica.kompas.si\/sl\/wp-json\/wp\/v2\/types\/page"}],"author":[{"embeddable":true,"href":"https:\/\/planica.kompas.si\/sl\/wp-json\/wp\/v2\/users\/1"}],"replies":[{"embeddable":true,"href":"https:\/\/planica.kompas.si\/sl\/wp-json\/wp\/v2\/comments?post=15"}],"version-history":[{"count":62,"href":"https:\/\/planica.kompas.si\/sl\/wp-json\/wp\/v2\/pages\/15\/revisions"}],"predecessor-version":[{"id":4876,"href":"https:\/\/planica.kompas.si\/sl\/wp-json\/wp\/v2\/pages\/15\/revisions\/4876"}],"wp:attachment":[{"href":"https:\/\/planica.kompas.si\/sl\/wp-json\/wp\/v2\/media?parent=15"}],"curies":[{"name":"wp","href":"https:\/\/api.w.org\/{rel}","templated":true}]}}